{"id":863,"date":"2026-02-23T15:43:54","date_gmt":"2026-02-23T14:43:54","guid":{"rendered":"http:\/\/www.camping-les-fouguieres.com\/terms-of-use\/"},"modified":"2026-04-10T11:23:43","modified_gmt":"2026-04-10T09:23:43","slug":"terms-of-use","status":"publish","type":"page","link":"http:\/\/www.camping-les-fouguieres.com\/en\/terms-of-use\/","title":{"rendered":"Terms of use"},"content":{"rendered":"\n<div class=\"wp-block-group alignfull has-quaternary-background-color has-background is-layout-flow wp-container-core-group-is-layout-cc0d5a8c wp-block-group-is-layout-flow\" style=\"margin-top:0;margin-bottom:0;padding-top:0;padding-right:0;padding-bottom:0;padding-left:0\">\n<div class=\"wp-block-cover alignfull hrz-hero is-style-default is-zoomed\" style=\"margin-top:0;margin-bottom:0;padding-top:15rem;padding-bottom:15rem;min-height:90vh;aspect-ratio:unset;\"><img alt=\"\" decoding=\"async\" width=\"1920\" height=\"1279\" class=\"wp-block-cover__image-background wp-image-48 size-full\" alt=\"\" src=\"http:\/\/www.camping-les-fouguieres.com\/wp-content\/uploads\/2026\/02\/DSC_2218.webp\" data-object-fit=\"cover\" srcset=\"http:\/\/www.camping-les-fouguieres.com\/wp-content\/uploads\/2026\/02\/DSC_2218.webp 1920w, http:\/\/www.camping-les-fouguieres.com\/wp-content\/uploads\/2026\/02\/DSC_2218-300x200.webp 300w, http:\/\/www.camping-les-fouguieres.com\/wp-content\/uploads\/2026\/02\/DSC_2218-1024x682.webp 1024w, http:\/\/www.camping-les-fouguieres.com\/wp-content\/uploads\/2026\/02\/DSC_2218-768x512.webp 768w, http:\/\/www.camping-les-fouguieres.com\/wp-content\/uploads\/2026\/02\/DSC_2218-1440x960.webp 1440w, http:\/\/www.camping-les-fouguieres.com\/wp-content\/uploads\/2026\/02\/DSC_2218-1080x720.webp 1080w, http:\/\/www.camping-les-fouguieres.com\/wp-content\/uploads\/2026\/02\/DSC_2218-720x480.webp 720w, http:\/\/www.camping-les-fouguieres.com\/wp-content\/uploads\/2026\/02\/DSC_2218-480x320.webp 480w, http:\/\/www.camping-les-fouguieres.com\/wp-content\/uploads\/2026\/02\/DSC_2218-240x160.webp 240w, http:\/\/www.camping-les-fouguieres.com\/wp-content\/uploads\/2026\/02\/DSC_2218-120x80.webp 120w\" sizes=\"(max-width: 1920px) 100vw, 1920px\" \/><span aria-hidden=\"true\" class=\"wp-block-cover__background has-noir-background-color has-background-dim-30 has-background-dim\"><\/span><div class=\"wp-block-cover__inner-container has-global-padding is-layout-constrained wp-container-core-cover-is-layout-e8d6252e wp-block-cover-is-layout-constrained\">\n<h1 class=\"wp-block-heading has-text-align-center is-style-hrz-p--title has-l-font-size\">Terms of use<\/h1>\n<\/div><\/div>\n\n\n\n<div class=\"wp-block-group alignfull is-relative is-layout-flow wp-block-group-is-layout-flow has-background\" style=\"padding-right:var(--wp--preset--spacing--xxl);padding-left:var(--wp--preset--spacing--xxl);background-image:url(&apos;http:\/\/www.camping-les-fouguieres.com\/wp-content\/uploads\/2026\/02\/empreintes.png&apos;);background-position:0% 20%;background-repeat:no-repeat;background-size:contain;background-attachment:scroll;\">\n<div style=\"height:150px\" aria-hidden=\"true\" class=\"wp-block-spacer\"><\/div>\n\n\n\n<div class=\"wp-block-group has-global-padding is-layout-constrained wp-container-core-group-is-layout-4383d167 wp-block-group-is-layout-constrained\">\n<p class=\"has-text-align-left is-style-hrz-p--base has-primary-color has-text-color has-link-color wp-elements-c54d14edb056a7e2892ebbe2bc3d7469\"><br\/><strong>IDENTITY<\/strong><br\/><br\/><\/p>\n\n\n\n<p class=\"has-text-align-left\">Website name: <strong>Camping les Fougui\u00e8res<\/strong> <br\/>Address: http:\/\/www.camping-les-fouguieres.com\/<br\/>Owner: <strong>Antunes Jos\u00e9<\/strong> <br\/>Publication manager: <strong>Camping les Fougui\u00e8res<\/strong> <br\/>Design and production: <a href=\"https:\/\/www.horizon-marketing.com\/\" target=\"_blank\" rel=\"noreferrer noopener nofollow\">Horizon Marketing<\/a> <br\/>Animation : <strong><strong>Camping les Fougui\u00e8res<\/strong> <\/strong> <br\/>Hosting: <a href=\"https:\/\/www.infomaniak.com\/fr\" target=\"_blank\" rel=\"noreferrer noopener nofollow\">Infomaniak<\/a><\/p>\n\n\n\n<h2 class=\"wp-block-heading has-primary-color has-text-color has-link-color wp-elements-309236a29c754dad8e6f60a12e390673\"><br\/><br\/><strong>LEGAL ENTITY<\/strong><\/h2>\n\n\n\n<p><br\/><br\/><strong>SARL au capital de 8.000 euros &#8211; 453 049 439 R.C.S. Draguignan &#8211; QUARTIER, LES FOUGUIERES, 83570 CARCES &#8211; 04.94.59.96.28 &#8211; <a href=\"mailto:info@camping-les-fouguieres.com\">info@camping-les-fouguieres.com<\/a><\/strong><\/p>\n\n\n\n<h2 class=\"wp-block-heading has-primary-color has-text-color has-link-color wp-elements-6563f8d696c29d2f148c5a67a15381ff\"><br\/><br\/><strong>CONDITIONS OF USE<\/strong><\/h2>\n\n\n\n<p><br\/><br\/>Use of this site implies full acceptance of the general conditions of use described below. These conditions of use may be modified or supplemented at any time. <br\/><br\/><\/p>\n\n\n\n<h2 class=\"wp-block-heading has-primary-color has-text-color has-link-color wp-elements-cf53165e4e380bdb4cf8030cd879a4eb\"><strong>INFORMATION<\/strong><\/h2>\n\n\n\n<p><br\/><br\/>The information and documents on this site are provided for information purposes only, are not exhaustive and do not engage the responsibility of the site owner.<\/p>\n\n\n\n<p>The site owner cannot be held responsible for direct or indirect damage resulting from access to the site.<\/p>\n\n\n\n<h2 class=\"wp-block-heading has-primary-color has-text-color has-link-color wp-elements-14355e6c838691bf89432f24b1d1df8e\"><br\/><br\/><strong>INTERACTIVITY<\/strong><\/h2>\n\n\n\n<p><br\/><br\/>Site users may submit content, which appears on the site in dedicated areas (notably via the contact form). The content submitted remains the responsibility of its authors, who assume full legal liability. <\/p>\n\n\n\n<p>Nevertheless, the site owner reserves the right to remove, without notice or justification, any content posted by users that does not comply with the site&#8217;s ethical charter or with current legislation.<\/p>\n\n\n\n<h2 class=\"wp-block-heading has-primary-color has-text-color has-link-color wp-elements-662a08db2f0721b6a43840c2f333bf7b\"><br\/><br\/><strong>INTELLECTUAL PROPERTY<\/strong><\/h2>\n\n\n\n<p><br\/><br\/>Unless otherwise stated, all elements accessible on the site (texts, images, graphics, logos, icons, sounds, software, etc.) remain the exclusive property of their authors, with regard to intellectual property rights or rights of use.<\/p>\n\n\n\n<p>Any reproduction, representation, modification, publication, adaptation of all or part of the elements of the site, whatever the means or the process used, is prohibited, except prior written authorization of the author.<\/p>\n\n\n\n<p>Any unauthorized use of the site or of any of the elements it contains is considered to constitute an infringement and is liable to prosecution.<\/p>\n\n\n\n<p>Trademarks and logos reproduced on the site are registered by the companies that own them.<\/p>\n\n\n\n<h2 class=\"wp-block-heading has-primary-color has-text-color has-link-color wp-elements-8ac3f66eb015a7d7dec5893553a8d23a\"><br\/><br\/><strong>LINKS<\/strong><\/h2>\n\n\n\n<p><br\/><br\/><strong>Outgoing links<\/strong><\/p>\n\n\n\n<p>The owner of the site declines all responsibility and is not committed by the referencing via hypertext links, of third-party resources present on the Internet network, as regards both their content and their relevance.<\/p>\n\n\n\n<p><strong>Inbound links<\/strong><\/p>\n\n\n\n<p>The site owner authorizes hypertext links to any page of this site, provided that these open a new window and are presented in an unambiguous manner in order to avoid :<\/p>\n\n\n\n<ul class=\"wp-block-list\">\n<li>any risk of confusion between the quoting site and the site owner<\/li>\n\n\n\n<li>as well as any tendentious presentation, or contrary to the laws in force.<\/li>\n<\/ul>\n\n\n\n<p>The site owner reserves the right to request the removal of a link if it considers that the source site does not comply with the rules thus defined.<\/p>\n\n\n\n<h2 class=\"wp-block-heading has-primary-color has-text-color has-link-color wp-elements-076b46d3c385a864f6a93f7e25355687\"><br\/><br\/><strong>PRIVACY<\/strong><\/h2>\n\n\n\n<p><br\/><br\/>All users have the right to access, rectify and oppose any personal data concerning them, by making a written and signed request, accompanied by proof of identity.<\/p>\n\n\n\n<p>For all requests, please contact the complaints department<\/p>\n\n\n\n<h2 class=\"wp-block-heading has-primary-color has-text-color has-link-color wp-elements-c1d05a06db6c04b09f00058d27f2fc4e\"><br\/><br\/>CONSUMER OMBUDSMAN<\/h2>\n\n\n\n<p><br\/><br\/>In accordance with the provisions of article L 612-1 of the French Consumer Code, any campsite customer has the right to have recourse, free of charge, to a consumer mediator for the amicable resolution of a dispute with the campsite operator.<\/p>\n\n\n\n<p>The dispute resolution platform: <a href=\"https:\/\/ec.europa.eu\/consumers\/odr\/main\/index.cfm?event=main.home2.show&amp;lng=FR\">https:\/\/ec.europa.eu\/consumers\/odr\/main\/index.cfm?event=main.home2.show&amp;lng=FR<\/a><\/p>\n\n\n\n<h2 class=\"wp-block-heading has-primary-color has-text-color has-link-color wp-elements-1c10cf7af284dee7020b8c663c23faeb\"><br\/><br\/><strong>CREDITS<\/strong><\/h2>\n\n\n\n<p><br\/>Horizon Marketing <br\/>Adobe Stock<\/p>\n<\/div>\n\n\n\n<div style=\"height:200px\" aria-hidden=\"true\" class=\"wp-block-spacer\"><\/div>\n<\/div>\n<\/div>\n","protected":false},"excerpt":{"rendered":"<p>IDENTITY Website name: Camping les Fougui\u00e8res Address: http:\/\/www.camping-les-fouguieres.com\/Owner: Antunes Jos\u00e9 Publication manager: Camping les Fougui\u00e8res Design and production: Horizon Marketing Animation : Camping les Fougui\u00e8res Hosting: Infomaniak LEGAL ENTITY SARL au capital de 8.000 euros &#8211; 453 049 439 R.C.S. Draguignan &#8211; QUARTIER, LES FOUGUIERES, 83570 CARCES &#8211; 04.94.59.96.28 &#8211; info@camping-les-fouguieres.com CONDITIONS OF USE Use [&hellip;]<\/p>\n","protected":false},"featured_media":0,"parent":0,"menu_order":22,"comment_status":"closed","ping_status":"closed","template":"","meta":{"_acf_changed":false,"_seopress_robots_primary_cat":"","_seopress_titles_title":"","_seopress_titles_desc":"","_seopress_robots_index":"","footnotes":""},"class_list":["post-863","page","type-page","status-publish","hentry"],"acf":[],"_links":{"self":[{"href":"http:\/\/www.camping-les-fouguieres.com\/en\/wp-json\/wp\/v2\/pages\/863","targetHints":{"allow":["GET"]}}],"collection":[{"href":"http:\/\/www.camping-les-fouguieres.com\/en\/wp-json\/wp\/v2\/pages"}],"about":[{"href":"http:\/\/www.camping-les-fouguieres.com\/en\/wp-json\/wp\/v2\/types\/page"}],"author":[{"embeddable":true,"href":"http:\/\/www.camping-les-fouguieres.com\/en\/wp-json\/wp\/v2\/users\/1"}],"replies":[{"embeddable":true,"href":"http:\/\/www.camping-les-fouguieres.com\/en\/wp-json\/wp\/v2\/comments?post=863"}],"version-history":[{"count":4,"href":"http:\/\/www.camping-les-fouguieres.com\/en\/wp-json\/wp\/v2\/pages\/863\/revisions"}],"predecessor-version":[{"id":1077,"href":"http:\/\/www.camping-les-fouguieres.com\/en\/wp-json\/wp\/v2\/pages\/863\/revisions\/1077"}],"wp:attachment":[{"href":"http:\/\/www.camping-les-fouguieres.com\/en\/wp-json\/wp\/v2\/media?parent=863"}],"curies":[{"name":"wp","href":"https:\/\/api.w.org\/{rel}","templated":true}]}}